{"id":1013,"date":"2023-05-25T12:31:59","date_gmt":"2023-05-25T10:31:59","guid":{"rendered":"https:\/\/www.sesescoles.com\/galeria\/"},"modified":"2023-05-25T12:31:59","modified_gmt":"2023-05-25T10:31:59","slug":"galeria","status":"publish","type":"page","link":"https:\/\/www.sesescoles.com\/en\/galeria\/","title":{"rendered":"Galer\u00eda"},"content":{"rendered":"[vc_row type=&#8221;full_width_content&#8221; full_screen_row_position=&#8221;middle&#8221; column_margin=&#8221;default&#8221; column_direction=&#8221;default&#8221; column_direction_tablet=&#8221;default&#8221; column_direction_phone=&#8221;default&#8221; scene_position=&#8221;center&#8221; top_padding=&#8221;175&#8243; top_padding_tablet=&#8221;25%&#8221; top_padding_phone=&#8221;60&#8243; text_color=&#8221;dark&#8221; text_align=&#8221;left&#8221; row_border_radius=&#8221;none&#8221; row_border_radius_applies=&#8221;bg&#8221; overflow=&#8221;visible&#8221; advanced_gradient_angle=&#8221;0&#8243; overlay_strength=&#8221;0.3&#8243; gradient_direction=&#8221;left_to_right&#8221; shape_divider_position=&#8221;bottom&#8221; bg_image_animation=&#8221;none&#8221; shape_type=&#8221;straight_section&#8221; gradient_type=&#8221;default&#8221;][vc_column column_padding=&#8221;no-extra-padding&#8221; column_padding_tablet=&#8221;inherit&#8221; column_padding_phone=&#8221;inherit&#8221; column_padding_position=&#8221;top-bottom&#8221; column_element_direction_desktop=&#8221;default&#8221; column_element_spacing=&#8221;0px&#8221; desktop_text_alignment=&#8221;default&#8221; tablet_text_alignment=&#8221;default&#8221; phone_text_alignment=&#8221;default&#8221; background_color_opacity=&#8221;1&#8243; background_hover_color_opacity=&#8221;1&#8243; column_backdrop_filter=&#8221;none&#8221; column_shadow=&#8221;none&#8221; column_border_radius=&#8221;none&#8221; column_link_target=&#8221;_self&#8221; column_position=&#8221;default&#8221; advanced_gradient_angle=&#8221;0&#8243; gradient_direction=&#8221;left_to_right&#8221; overlay_strength=&#8221;0.3&#8243; width=&#8221;1\/1&#8243; tablet_width_inherit=&#8221;default&#8221; animation_type=&#8221;default&#8221; bg_image_animation=&#8221;none&#8221; border_type=&#8221;simple&#8221; column_border_width=&#8221;none&#8221; column_border_style=&#8221;solid&#8221; gradient_type=&#8221;default&#8221;][vc_row_inner column_margin=&#8221;none&#8221; column_direction=&#8221;default&#8221; column_direction_tablet=&#8221;default&#8221; column_direction_phone=&#8221;default&#8221; left_padding_desktop=&#8221;8%&#8221; constrain_group_2=&#8221;yes&#8221; right_padding_desktop=&#8221;8%&#8221; text_align=&#8221;left&#8221; row_position=&#8221;default&#8221; row_position_tablet=&#8221;inherit&#8221; row_position_phone=&#8221;inherit&#8221; overflow=&#8221;visible&#8221; pointer_events=&#8221;all&#8221;][vc_column_inner column_padding=&#8221;no-extra-padding&#8221; column_padding_tablet=&#8221;inherit&#8221; column_padding_phone=&#8221;inherit&#8221; column_padding_position=&#8221;all&#8221; column_element_direction_desktop=&#8221;default&#8221; column_element_spacing=&#8221;0px&#8221; desktop_text_alignment=&#8221;default&#8221; tablet_text_alignment=&#8221;default&#8221; phone_text_alignment=&#8221;default&#8221; background_color_opacity=&#8221;1&#8243; background_hover_color_opacity=&#8221;1&#8243; column_backdrop_filter=&#8221;none&#8221; column_shadow=&#8221;none&#8221; column_border_radius=&#8221;none&#8221; column_link_target=&#8221;_self&#8221; overflow=&#8221;visible&#8221; advanced_gradient_angle=&#8221;0&#8243; gradient_direction=&#8221;left_to_right&#8221; overlay_strength=&#8221;0.3&#8243; width=&#8221;1\/1&#8243; tablet_width_inherit=&#8221;default&#8221; animation_type=&#8221;default&#8221; bg_image_animation=&#8221;none&#8221; border_type=&#8221;simple&#8221; column_border_width=&#8221;none&#8221; column_border_style=&#8221;solid&#8221; gradient_type=&#8221;default&#8221;][split_line_heading animation_type=&#8221;line-reveal-by-space&#8221; font_style=&#8221;h2&#8243; line_reveal_by_space_text_effect=&#8221;letter-reveal-bottom&#8221; mobile_disable_animation=&#8221;true&#8221; content_alignment=&#8221;center&#8221; mobile_content_alignment=&#8221;inherit&#8221; link_target=&#8221;_self&#8221; text_content=&#8221;GALER\u00cdA&#8221; font_size=&#8221;8vw&#8221; font_line_height=&#8221;0.8&#8243; font_size_tablet=&#8221;13vw&#8221;][\/split_line_heading][\/vc_column_inner][\/vc_row_inner][vc_row_inner column_margin=&#8221;default&#8221; column_direction=&#8221;default&#8221; column_direction_tablet=&#8221;default&#8221; column_direction_phone=&#8221;default&#8221; top_padding=&#8221;3%&#8221; text_align=&#8221;left&#8221; row_position=&#8221;default&#8221; row_position_tablet=&#8221;inherit&#8221; row_position_phone=&#8221;inherit&#8221; overflow=&#8221;visible&#8221; pointer_events=&#8221;all&#8221;][vc_column_inner column_padding=&#8221;no-extra-padding&#8221; column_padding_tablet=&#8221;inherit&#8221; column_padding_phone=&#8221;inherit&#8221; column_padding_position=&#8221;all&#8221; column_element_direction_desktop=&#8221;default&#8221; column_element_spacing=&#8221;default&#8221; centered_text=&#8221;true&#8221; desktop_text_alignment=&#8221;default&#8221; tablet_text_alignment=&#8221;default&#8221; phone_text_alignment=&#8221;default&#8221; background_color_opacity=&#8221;1&#8243; background_hover_color_opacity=&#8221;1&#8243; column_backdrop_filter=&#8221;none&#8221; column_shadow=&#8221;none&#8221; column_border_radius=&#8221;none&#8221; column_link_target=&#8221;_self&#8221; overflow=&#8221;visible&#8221; advanced_gradient_angle=&#8221;0&#8243; gradient_direction=&#8221;left_to_right&#8221; overlay_strength=&#8221;0.3&#8243; width=&#8221;1\/1&#8243; tablet_width_inherit=&#8221;default&#8221; animation_type=&#8221;default&#8221; enable_animation=&#8221;true&#8221; animation=&#8221;fade-in-from-bottom&#8221; mobile_disable_entrance_animation=&#8221;true&#8221; animation_easing=&#8221;default&#8221; bg_image_animation=&#8221;none&#8221; border_type=&#8221;simple&#8221; column_border_width=&#8221;none&#8221; column_border_style=&#8221;solid&#8221; gradient_type=&#8221;default&#8221; delay=&#8221;600&#8243;][divider line_type=&#8221;Vertical Line&#8221; divider_color=&#8221;black&#8221; custom_height=&#8221;100&#8243; custom_height_tablet=&#8221;60&#8243; custom_height_phone=&#8221;50&#8243;][\/vc_column_inner][\/vc_row_inner][\/vc_column][\/vc_row][vc_row type=&#8221;full_width_content&#8221; full_screen_row_position=&#8221;middle&#8221; column_margin=&#8221;default&#8221; column_direction=&#8221;default&#8221; column_direction_tablet=&#8221;default&#8221; column_direction_phone=&#8221;default&#8221; scene_position=&#8221;center&#8221; top_padding=&#8221;40&#8243; text_color=&#8221;dark&#8221; text_align=&#8221;left&#8221; row_border_radius=&#8221;none&#8221; row_border_radius_applies=&#8221;bg&#8221; overflow=&#8221;visible&#8221; overlay_strength=&#8221;0.3&#8243; gradient_direction=&#8221;left_to_right&#8221; shape_divider_position=&#8221;bottom&#8221; bg_image_animation=&#8221;none&#8221; gradient_type=&#8221;default&#8221; shape_type=&#8221;&#8221;][vc_column column_padding=&#8221;no-extra-padding&#8221; column_padding_tablet=&#8221;inherit&#8221; column_padding_phone=&#8221;inherit&#8221; column_padding_position=&#8221;all&#8221; column_element_direction_desktop=&#8221;default&#8221; column_element_spacing=&#8221;default&#8221; desktop_text_alignment=&#8221;default&#8221; tablet_text_alignment=&#8221;default&#8221; phone_text_alignment=&#8221;default&#8221; background_color_opacity=&#8221;1&#8243; background_hover_color_opacity=&#8221;1&#8243; column_backdrop_filter=&#8221;none&#8221; column_shadow=&#8221;none&#8221; column_border_radius=&#8221;none&#8221; column_link_target=&#8221;_self&#8221; column_position=&#8221;default&#8221; gradient_direction=&#8221;left_to_right&#8221; overlay_strength=&#8221;0.3&#8243; width=&#8221;1\/1&#8243; tablet_width_inherit=&#8221;default&#8221; animation_type=&#8221;default&#8221; bg_image_animation=&#8221;none&#8221; border_type=&#8221;simple&#8221; column_border_width=&#8221;none&#8221; column_border_style=&#8221;solid&#8221;][vc_custom_heading text=&#8221;Deliciosos platos, ambiente acogedor y momentos memorables&#8221; font_container=&#8221;tag:h1|text_align:center&#8221; use_theme_fonts=&#8221;yes&#8221; css=&#8221;.vc_custom_1685096453771{margin-bottom: 80px !important;}&#8221;][vc_gallery type=&#8221;image_grid&#8221; images=&#8221;782,783,784,785,786,787,788,789,790,791,792,793,794,795,796,797,798,799,800,801,802,803,804,805,806,807,808,809,810,811,812,813,814,815,816,817,818&#8243; image_grid_loading=&#8221;default&#8221; layout=&#8221;4&#8243; masonry_style=&#8221;true&#8221; bypass_image_cropping=&#8221;true&#8221; item_spacing=&#8221;default&#8221; gallery_style=&#8221;7&#8243; load_in_animation=&#8221;none&#8221;][\/vc_column][\/vc_row]\n","protected":false},"excerpt":{"rendered":"<p>[vc_row type=&#8221;full_width_content&#8221; full_screen_row_position=&#8221;middle&#8221; column_margin=&#8221;default&#8221; column_direction=&#8221;default&#8221; column_direction_tablet=&#8221;default&#8221; column_direction_phone=&#8221;default&#8221; scene_position=&#8221;center&#8221; top_padding=&#8221;175&#8243; top_padding_tablet=&#8221;25%&#8221; top_padding_phone=&#8221;60&#8243; text_color=&#8221;dark&#8221; text_align=&#8221;left&#8221; row_border_radius=&#8221;none&#8221; row_border_radius_applies=&#8221;bg&#8221; overflow=&#8221;visible&#8221; advanced_gradient_angle=&#8221;0&#8243; overlay_strength=&#8221;0.3&#8243;&#8230;<\/p>\n","protected":false},"author":1,"featured_media":0,"parent":0,"menu_order":0,"comment_status":"closed","ping_status":"closed","template":"","meta":{"footnotes":""},"class_list":["post-1013","page","type-page","status-publish"],"yoast_head":"<!-- This site is optimized with the Yoast SEO plugin v26.4 - https:\/\/yoast.com\/wordpress\/plugins\/seo\/ -->\n<title>Galer\u00eda de im\u00e1genes - Ses Escoles<\/title>\n<meta name=\"description\" content=\"Descubre la excelencia culinaria de Ses Escoles en nuestra galer\u00eda de fotos. Deliciosos platos, ambiente acogedor y momentos memorables.\" \/>\n<meta name=\"robots\" content=\"index, follow, max-snippet:-1, max-image-preview:large, max-video-preview:-1\" \/>\n<link rel=\"canonical\" href=\"https:\/\/www.sesescoles.com\/en\/galeria\/\" \/>\n<meta property=\"og:locale\" content=\"en_US\" \/>\n<meta property=\"og:type\" content=\"article\" \/>\n<meta property=\"og:title\" content=\"Galer\u00eda de im\u00e1genes - Ses Escoles\" \/>\n<meta property=\"og:description\" content=\"Descubre la excelencia culinaria de Ses Escoles en nuestra galer\u00eda de fotos. Deliciosos platos, ambiente acogedor y momentos memorables.\" \/>\n<meta property=\"og:url\" content=\"https:\/\/www.sesescoles.com\/en\/galeria\/\" \/>\n<meta property=\"og:site_name\" content=\"Ses Escoles\" \/>\n<meta property=\"article:publisher\" content=\"https:\/\/www.facebook.com\/sesescoles\/\" \/>\n<meta property=\"og:image\" content=\"https:\/\/www.sesescoles.com\/wp-content\/uploads\/2023\/05\/sesescoles-seo.jpg\" \/>\n\t<meta property=\"og:image:width\" content=\"1280\" \/>\n\t<meta property=\"og:image:height\" content=\"720\" \/>\n\t<meta property=\"og:image:type\" content=\"image\/jpeg\" \/>\n<meta name=\"twitter:card\" content=\"summary_large_image\" \/>\n<meta name=\"twitter:label1\" content=\"Est. reading time\" \/>\n\t<meta name=\"twitter:data1\" content=\"1 minute\" \/>\n<script type=\"application\/ld+json\" class=\"yoast-schema-graph\">{\"@context\":\"https:\/\/schema.org\",\"@graph\":[{\"@type\":\"WebPage\",\"@id\":\"https:\/\/www.sesescoles.com\/en\/galeria\/\",\"url\":\"https:\/\/www.sesescoles.com\/en\/galeria\/\",\"name\":\"Galer\u00eda de im\u00e1genes - Ses Escoles\",\"isPartOf\":{\"@id\":\"https:\/\/www.sesescoles.com\/#website\"},\"datePublished\":\"2023-05-25T10:31:59+00:00\",\"description\":\"Descubre la excelencia culinaria de Ses Escoles en nuestra galer\u00eda de fotos. Deliciosos platos, ambiente acogedor y momentos memorables.\",\"breadcrumb\":{\"@id\":\"https:\/\/www.sesescoles.com\/en\/galeria\/#breadcrumb\"},\"inLanguage\":\"en-US\",\"potentialAction\":[{\"@type\":\"ReadAction\",\"target\":[\"https:\/\/www.sesescoles.com\/en\/galeria\/\"]}]},{\"@type\":\"BreadcrumbList\",\"@id\":\"https:\/\/www.sesescoles.com\/en\/galeria\/#breadcrumb\",\"itemListElement\":[{\"@type\":\"ListItem\",\"position\":1,\"name\":\"Portada\",\"item\":\"https:\/\/www.sesescoles.com\/en\/\"},{\"@type\":\"ListItem\",\"position\":2,\"name\":\"Galer\u00eda\"}]},{\"@type\":\"WebSite\",\"@id\":\"https:\/\/www.sesescoles.com\/#website\",\"url\":\"https:\/\/www.sesescoles.com\/\",\"name\":\"Oleoteca Ses Escoles\",\"description\":\"Oleoteca Ses Escoles - Restaurante en Ibiza\",\"publisher\":{\"@id\":\"https:\/\/www.sesescoles.com\/#organization\"},\"potentialAction\":[{\"@type\":\"SearchAction\",\"target\":{\"@type\":\"EntryPoint\",\"urlTemplate\":\"https:\/\/www.sesescoles.com\/?s={search_term_string}\"},\"query-input\":{\"@type\":\"PropertyValueSpecification\",\"valueRequired\":true,\"valueName\":\"search_term_string\"}}],\"inLanguage\":\"en-US\"},{\"@type\":\"Organization\",\"@id\":\"https:\/\/www.sesescoles.com\/#organization\",\"name\":\"Oleoteca Ses Escoles\",\"url\":\"https:\/\/www.sesescoles.com\/\",\"logo\":{\"@type\":\"ImageObject\",\"inLanguage\":\"en-US\",\"@id\":\"https:\/\/www.sesescoles.com\/#\/schema\/logo\/image\/\",\"url\":\"https:\/\/www.sesescoles.com\/wp-content\/uploads\/2023\/02\/logo-SesEscoles.png\",\"contentUrl\":\"https:\/\/www.sesescoles.com\/wp-content\/uploads\/2023\/02\/logo-SesEscoles.png\",\"width\":300,\"height\":81,\"caption\":\"Oleoteca Ses Escoles\"},\"image\":{\"@id\":\"https:\/\/www.sesescoles.com\/#\/schema\/logo\/image\/\"},\"sameAs\":[\"https:\/\/www.facebook.com\/sesescoles\/\",\"https:\/\/www.instagram.com\/sesescoles_oleoteca\/\"]}]}<\/script>\n<!-- \/ Yoast SEO plugin. -->","yoast_head_json":{"title":"Galer\u00eda de im\u00e1genes - Ses Escoles","description":"Descubre la excelencia culinaria de Ses Escoles en nuestra galer\u00eda de fotos. Deliciosos platos, ambiente acogedor y momentos memorables.","robots":{"index":"index","follow":"follow","max-snippet":"max-snippet:-1","max-image-preview":"max-image-preview:large","max-video-preview":"max-video-preview:-1"},"canonical":"https:\/\/www.sesescoles.com\/en\/galeria\/","og_locale":"en_US","og_type":"article","og_title":"Galer\u00eda de im\u00e1genes - Ses Escoles","og_description":"Descubre la excelencia culinaria de Ses Escoles en nuestra galer\u00eda de fotos. Deliciosos platos, ambiente acogedor y momentos memorables.","og_url":"https:\/\/www.sesescoles.com\/en\/galeria\/","og_site_name":"Ses Escoles","article_publisher":"https:\/\/www.facebook.com\/sesescoles\/","og_image":[{"width":1280,"height":720,"url":"https:\/\/www.sesescoles.com\/wp-content\/uploads\/2023\/05\/sesescoles-seo.jpg","type":"image\/jpeg"}],"twitter_card":"summary_large_image","twitter_misc":{"Est. reading time":"1 minute"},"schema":{"@context":"https:\/\/schema.org","@graph":[{"@type":"WebPage","@id":"https:\/\/www.sesescoles.com\/en\/galeria\/","url":"https:\/\/www.sesescoles.com\/en\/galeria\/","name":"Galer\u00eda de im\u00e1genes - Ses Escoles","isPartOf":{"@id":"https:\/\/www.sesescoles.com\/#website"},"datePublished":"2023-05-25T10:31:59+00:00","description":"Descubre la excelencia culinaria de Ses Escoles en nuestra galer\u00eda de fotos. Deliciosos platos, ambiente acogedor y momentos memorables.","breadcrumb":{"@id":"https:\/\/www.sesescoles.com\/en\/galeria\/#breadcrumb"},"inLanguage":"en-US","potentialAction":[{"@type":"ReadAction","target":["https:\/\/www.sesescoles.com\/en\/galeria\/"]}]},{"@type":"BreadcrumbList","@id":"https:\/\/www.sesescoles.com\/en\/galeria\/#breadcrumb","itemListElement":[{"@type":"ListItem","position":1,"name":"Portada","item":"https:\/\/www.sesescoles.com\/en\/"},{"@type":"ListItem","position":2,"name":"Galer\u00eda"}]},{"@type":"WebSite","@id":"https:\/\/www.sesescoles.com\/#website","url":"https:\/\/www.sesescoles.com\/","name":"Oleoteca Ses Escoles","description":"Oleoteca Ses Escoles - Restaurante en Ibiza","publisher":{"@id":"https:\/\/www.sesescoles.com\/#organization"},"potentialAction":[{"@type":"SearchAction","target":{"@type":"EntryPoint","urlTemplate":"https:\/\/www.sesescoles.com\/?s={search_term_string}"},"query-input":{"@type":"PropertyValueSpecification","valueRequired":true,"valueName":"search_term_string"}}],"inLanguage":"en-US"},{"@type":"Organization","@id":"https:\/\/www.sesescoles.com\/#organization","name":"Oleoteca Ses Escoles","url":"https:\/\/www.sesescoles.com\/","logo":{"@type":"ImageObject","inLanguage":"en-US","@id":"https:\/\/www.sesescoles.com\/#\/schema\/logo\/image\/","url":"https:\/\/www.sesescoles.com\/wp-content\/uploads\/2023\/02\/logo-SesEscoles.png","contentUrl":"https:\/\/www.sesescoles.com\/wp-content\/uploads\/2023\/02\/logo-SesEscoles.png","width":300,"height":81,"caption":"Oleoteca Ses Escoles"},"image":{"@id":"https:\/\/www.sesescoles.com\/#\/schema\/logo\/image\/"},"sameAs":["https:\/\/www.facebook.com\/sesescoles\/","https:\/\/www.instagram.com\/sesescoles_oleoteca\/"]}]}},"_links":{"self":[{"href":"https:\/\/www.sesescoles.com\/en\/wp-json\/wp\/v2\/pages\/1013","targetHints":{"allow":["GET"]}}],"collection":[{"href":"https:\/\/www.sesescoles.com\/en\/wp-json\/wp\/v2\/pages"}],"about":[{"href":"https:\/\/www.sesescoles.com\/en\/wp-json\/wp\/v2\/types\/page"}],"author":[{"embeddable":true,"href":"https:\/\/www.sesescoles.com\/en\/wp-json\/wp\/v2\/users\/1"}],"replies":[{"embeddable":true,"href":"https:\/\/www.sesescoles.com\/en\/wp-json\/wp\/v2\/comments?post=1013"}],"version-history":[{"count":0,"href":"https:\/\/www.sesescoles.com\/en\/wp-json\/wp\/v2\/pages\/1013\/revisions"}],"wp:attachment":[{"href":"https:\/\/www.sesescoles.com\/en\/wp-json\/wp\/v2\/media?parent=1013"}],"curies":[{"name":"wp","href":"https:\/\/api.w.org\/{rel}","templated":true}]}}